{"id":2,"date":"2008-12-04T17:25:11","date_gmt":"2008-12-04T16:25:11","guid":{"rendered":"http:\/\/www.boboche.fr\/agnes\/blog\/?page_id=2"},"modified":"2008-12-16T14:42:07","modified_gmt":"2008-12-16T13:42:07","slug":"a-propos","status":"publish","type":"page","link":"https:\/\/www.mouysart.fr\/?page_id=2","title":{"rendered":"\u00c0 propos"},"content":{"rendered":"<h2>Biographie  (qui suis-je ?)<\/h2>\n<p align=\"justify\">Je suis n\u00e9e \u00e0 Compi\u00e8gne en 1947. Autodidacte, l&rsquo;inspiration me vient en partie de mes voyages en France et \u00e0 l\u2019\u00e9tranger : Bretagne, Charente, Canada, Tha\u00eflande Cara\u00efbes, Egypte, etc.<\/p>\n<p align=\"justify\">Mon premier grand voyage m\u2019a permis de d\u00e9couvrir cet art qui est devenu une passion. Un circuit inoubliable au canada, en pleine \u00e9poque de \u00ab l\u2019\u00e9t\u00e9 indien \u00bb. La vision du contraste des arbres avec leurs feuilles de couleurs, ocres, rouges, verts, jaunes, oranges, m\u2019a donn\u00e9 le d\u00e9clic pour la peinture.<\/p>\n<p align=\"justify\">Envahie par ces teintes, je regardais jusqu\u2019aux cimes en tournoyant.<\/p>\n<p align=\"justify\">Survolant les chutes du Niagara, ces derni\u00e8res refl\u00e9taient les couleurs, encore plus intenses de la for\u00eat environnante, dignes d\u2019une palette d\u2019un grand peintre.<\/p>\n<p align=\"justify\">De retour, je parlais souvent en famille de mon d\u00e9sir de peindre .Le \u00ab p\u00e8re no\u00ebl \u00bb a exauc\u00e9 mon v\u0153u. Peinture, chevalet, livre d\u2019apprentissage, toiles, pas trop importantes pour apprendre, tout y \u00e9tait. Ne sachant pas trop comment m\u2019y prendre, j\u2019ai longtemps h\u00e9sit\u00e9 avant de d\u00e9buter.<\/p>\n<p align=\"justify\">J\u2019ai commenc\u00e9 par un paysage canadien qui repr\u00e9sente, l\u2019entr\u00e9e de l\u2019\u00e9rabli\u00e8re, ensuite j\u2019ai peints les chevaux dans l\u2019\u00e9rabli\u00e8re.<\/p>\n<p align=\"justify\">Je regardais, chaque fois que j\u2019en avais l\u2019opportunit\u00e9, dans les magazines ou bien encore sur des boites de chocolat, cette photo de peinture dont j\u2019ignorais totalement le nom et qui repr\u00e9sentait la femme de Pierre Auguste Renoir.<\/p>\n<p align=\"justify\">Un matin, allant prendre mon courrier, j\u2019ai re\u00e7u une enveloppe contenant, \u00e0 ma grande surprise, ce que je cherchais depuis un certain temps ; sur une publicit\u00e9 pour des fiches de peinture l\u2019image du \u00ab d\u00e9jeuner des canotiers \u00bb de Pierre Auguste Renoir. J\u2019avais enfin trouv\u00e9 cette photo d\u2019Aline Charigot qui est devenue ensuite sa femme.<\/p>\n<p align=\"justify\">Depuis, je suis passionn\u00e9e et admirative de ce merveilleux artiste et de ses chef\u2019 \u0153uvres.<\/p>\n<p align=\"justify\">Je me suis promis qu\u2019un jour je ferai ce tableau. J\u2019ai r\u00e9alis\u00e9 la reproduction du \u00ab d\u00e9jeuner des canotiers \u00bb en 1996 et dans mon \u00e9lan j\u2019ai enchain\u00e9 avec \u00ab le moulin de la galette\u00bb. Plus tard \u00ab jeunes filles au piano \u00bb et \u00ab bouquet de fleurs dans un vase \u00bb sont venues les rejoindre.<\/p>\n<p align=\"justify\">La peinture, quel bon moyen de m\u2019\u00e9vader du train-train quotidien, je ne pense plus \u00e0 rien d\u2019autre.<\/p>\n<p align=\"justify\">Mes pens\u00e9es me transportent vers ces paysages qui apparaissent aux bouts de mes pinceaux, ils me rappellent les moments v\u00e9cus dans ces endroits prodigieux et myst\u00e9rieux.<\/p>\n<p align=\"justify\">Les th\u00e8mes de mes \u0153uvres sont multiples :<br \/>\n&#8211; Les portraits me font sourire et  particuli\u00e8rement ceux de mes enfants qui m\u2019envahissent de tendresse.<br \/>\n&#8211; Les fleurs m\u2019enchantent et fleurissent ma passion pour elles.<br \/>\n&#8211; Les animaux sont des mod\u00e8les de puret\u00e9, et nous rappelle \u00e0 quel point ils sont fragiles dans la nature.<\/p>\n","protected":false},"excerpt":{"rendered":"<p>Biographie (qui suis-je ?) Je suis n\u00e9e \u00e0 Compi\u00e8gne en 1947. Autodidacte, l&rsquo;inspiration me vient en partie de mes voyages en France et \u00e0 l\u2019\u00e9tranger : Bretagne, Charente, Canada, Tha\u00eflande Cara\u00efbes, Egypte, etc. Mon premier grand voyage m\u2019a permis de d\u00e9couvrir cet art qui est devenu une passion. Un circuit inoubliable au canada, en pleine [&hellip;]<\/p>\n","protected":false},"author":1,"featured_media":0,"parent":0,"menu_order":0,"comment_status":"open","ping_status":"open","template":"","meta":{"footnotes":""},"class_list":["post-2","page","type-page","status-publish","hentry"],"_links":{"self":[{"href":"https:\/\/www.mouysart.fr\/index.php?rest_route=\/wp\/v2\/pages\/2","targetHints":{"allow":["GET"]}}],"collection":[{"href":"https:\/\/www.mouysart.fr\/index.php?rest_route=\/wp\/v2\/pages"}],"about":[{"href":"https:\/\/www.mouysart.fr\/index.php?rest_route=\/wp\/v2\/types\/page"}],"author":[{"embeddable":true,"href":"https:\/\/www.mouysart.fr\/index.php?rest_route=\/wp\/v2\/users\/1"}],"replies":[{"embeddable":true,"href":"https:\/\/www.mouysart.fr\/index.php?rest_route=%2Fwp%2Fv2%2Fcomments&post=2"}],"version-history":[{"count":2,"href":"https:\/\/www.mouysart.fr\/index.php?rest_route=\/wp\/v2\/pages\/2\/revisions"}],"predecessor-version":[{"id":100,"href":"https:\/\/www.mouysart.fr\/index.php?rest_route=\/wp\/v2\/pages\/2\/revisions\/100"}],"wp:attachment":[{"href":"https:\/\/www.mouysart.fr\/index.php?rest_route=%2Fwp%2Fv2%2Fmedia&parent=2"}],"curies":[{"name":"wp","href":"https:\/\/api.w.org\/{rel}","templated":true}]}}